{"id":121,"date":"2021-06-11T05:56:50","date_gmt":"2021-06-11T05:56:50","guid":{"rendered":"https:\/\/www.jalkahoitajahangelin.fi\/?page_id=121"},"modified":"2024-02-06T11:46:26","modified_gmt":"2024-02-06T11:46:26","slug":"etusivu-2","status":"publish","type":"page","link":"https:\/\/www.jalkahoitajahangelin.fi\/","title":{"rendered":"Jalkahoitoa hyv\u00e4ll\u00e4 ammattitaidolla"},"content":{"rendered":"<div id=\"pl-121\"  class=\"panel-layout\" ><div id=\"pg-121-0\"  class=\"panel-grid panel-no-style\" ><div id=\"pgc-121-0-0\"  class=\"panel-grid-cell\" ><div id=\"panel-121-0-0-0\" class=\"so-panel widget widget_sow-editor panel-first-child panel-last-child\" data-index=\"0\" ><div class=\"so-widget-sow-editor so-widget-sow-editor-base\">\n<div class=\"siteorigin-widget-tinymce textwidget\">\n\t<div class=\"interface-interface-skeleton__content\" tabindex=\"-1\" role=\"region\" aria-label=\"Editorin sis\u00e4lt\u00f6\">\n<div class=\"edit-post-visual-editor\">\n<div class=\"editor-styles-wrapper\">\n<div class=\"block-editor-writing-flow\">\n<div class=\"block-editor-block-list__layout is-root-container\">\n<p style=\"text-align: center;\" tabindex=\"0\" role=\"group\" aria-multiline=\"true\" aria-label=\"Kappalelohko\" data-block=\"d7d27fc3-0024-4f70-8cd3-c2f575c4a9f7\" data-type=\"core\/paragraph\" data-title=\"Kappale\">Tarjoan monipuolista, hyv\u00e4\u00e4 ja yksil\u00f6llist\u00e4 jalkojenhoitoa sek\u00e4 teen my\u00f6s kotik\u00e4yntej\u00e4 erikseen sovittaessa.<\/p>\n<p style=\"text-align: center;\" tabindex=\"0\" role=\"group\" aria-multiline=\"true\" aria-label=\"Kappalelohko\" data-block=\"d7d27fc3-0024-4f70-8cd3-c2f575c4a9f7\" data-type=\"core\/paragraph\" data-title=\"Kappale\">Kuuntelen asiakkaiden toiveita ja minulle on t\u00e4rke\u00e4\u00e4, ett\u00e4 asiakas on tyytyv\u00e4inen lopputulokseen.<\/p>\n<p style=\"text-align: center;\" tabindex=\"0\" role=\"group\" aria-multiline=\"true\" aria-label=\"Kappalelohko\" data-block=\"d7d27fc3-0024-4f70-8cd3-c2f575c4a9f7\" data-type=\"core\/paragraph\" data-title=\"Kappale\">Pyrin luomaan ammattitaidollani pitk\u00e4kestoisia asiakassuhteita.<\/p>\n<p style=\"text-align: center;\" tabindex=\"0\" role=\"group\" aria-multiline=\"true\" aria-label=\"Kappalelohko\" data-block=\"d7d27fc3-0024-4f70-8cd3-c2f575c4a9f7\" data-type=\"core\/paragraph\" data-title=\"Kappale\">Tutustu rauhassa kotisivuihini ja ota rohkeasti yhteytt\u00e4!<\/p>\n<h4 class=\"block-list-appender wp-block\" tabindex=\"-1\"><\/h4>\n<\/div>\n<\/div>\n<div tabindex=\"0\"><\/div>\n<\/div>\n<\/div>\n<div class=\"edit-post-layout__metaboxes\"><\/div>\n<\/div>\n<div class=\"interface-interface-skeleton__sidebar\" tabindex=\"-1\" role=\"region\" aria-label=\"Editorin asetukset\">\n<div class=\"edit-post-layout__toogle-sidebar-panel\"><\/div>\n<\/div>\n<\/div>\n<\/div><\/div><\/div><\/div><\/div>","protected":false},"excerpt":{"rendered":"<p>Tarjoan monipuolista, hyv\u00e4\u00e4 ja yksil\u00f6llist\u00e4 jalkojenhoitoa sek\u00e4 teen my\u00f6s kotik\u00e4yntej\u00e4 erikseen sovittaessa. Kuuntelen asiakkaiden toiveita ja minulle on t\u00e4rke\u00e4\u00e4, ett\u00e4 asiakas on tyytyv\u00e4inen lopputulokseen. Pyrin luomaan ammattitaidollani pitk\u00e4kestoisia asiakassuhteita. Tutustu rauhassa kotisivuihini ja ota rohkeasti yhteytt\u00e4!<\/p>\n","protected":false},"author":1,"featured_media":0,"parent":0,"menu_order":0,"comment_status":"closed","ping_status":"closed","template":"","meta":{"extendify_custom_stylesheet":""},"_links":{"self":[{"href":"https:\/\/www.jalkahoitajahangelin.fi\/index.php\/wp-json\/wp\/v2\/pages\/121"}],"collection":[{"href":"https:\/\/www.jalkahoitajahangelin.fi\/index.php\/wp-json\/wp\/v2\/pages"}],"about":[{"href":"https:\/\/www.jalkahoitajahangelin.fi\/index.php\/wp-json\/wp\/v2\/types\/page"}],"author":[{"embeddable":true,"href":"https:\/\/www.jalkahoitajahangelin.fi\/index.php\/wp-json\/wp\/v2\/users\/1"}],"replies":[{"embeddable":true,"href":"https:\/\/www.jalkahoitajahangelin.fi\/index.php\/wp-json\/wp\/v2\/comments?post=121"}],"version-history":[{"count":45,"href":"https:\/\/www.jalkahoitajahangelin.fi\/index.php\/wp-json\/wp\/v2\/pages\/121\/revisions"}],"predecessor-version":[{"id":466,"href":"https:\/\/www.jalkahoitajahangelin.fi\/index.php\/wp-json\/wp\/v2\/pages\/121\/revisions\/466"}],"wp:attachment":[{"href":"https:\/\/www.jalkahoitajahangelin.fi\/index.php\/wp-json\/wp\/v2\/media?parent=121"}],"curies":[{"name":"wp","href":"https:\/\/api.w.org\/{rel}","templated":true}]}}