{"id":164,"date":"2021-06-16T12:48:25","date_gmt":"2021-06-16T12:48:25","guid":{"rendered":"https:\/\/www.jalkahoitajahangelin.fi\/?page_id=164"},"modified":"2025-03-25T09:33:01","modified_gmt":"2025-03-25T09:33:01","slug":"hinnasto","status":"publish","type":"page","link":"https:\/\/www.jalkahoitajahangelin.fi\/index.php\/hinnasto\/","title":{"rendered":"Hinnasto"},"content":{"rendered":"<div id=\"pl-164\"  class=\"panel-layout\" ><div id=\"pg-164-0\"  class=\"panel-grid panel-no-style\" ><div id=\"pgc-164-0-0\"  class=\"panel-grid-cell\" ><div id=\"panel-164-0-0-0\" class=\"so-panel widget widget_sow-editor panel-first-child panel-last-child\" data-index=\"0\" ><div class=\"panel-widget-style panel-widget-style-for-164-0-0-0\" ><div class=\"so-widget-sow-editor so-widget-sow-editor-base\">\n<div class=\"siteorigin-widget-tinymce textwidget\">\n\t<h2>Jalkojenhoito 1-1,5h<\/h2>\n<p>- Jalkojen esitutkimus<\/p>\n<p>- Jalkakylpy<\/p>\n<p>- Kynsien ohennus, leikkaus ja siistiminen<\/p>\n<p>- Kovettumien ja k\u00e4nsien hoito<\/p>\n<p>- Jalkojen rasvaus ja kevyt hieronta<\/p>\n<p>- Ohjeistus omatoimiseen hoitoon<\/p>\n<p><b>70\u20ac<\/b><\/p>\n<h2>Kevennysorteesi<\/h2>\n<p>- Valmistetaan silikonimassasta<\/p>\n<p>- Yksil\u00f6kohtainen, juuri sinulle tarkoitettu<\/p>\n<p>- Vasaravarpaiden oikaisemiseen- ja suojaamiseen<\/p>\n<p>- Korjaa vaivaisenluun asennon<\/p>\n<p>- Suojaa jalkap\u00f6yd\u00e4nluuta<\/p>\n<p>- Poistaa kipua<\/p>\n<p><strong>20\u20ac<\/strong><\/p>\n<h2>Lahjakortit<\/h2>\n<p>Mik\u00e4li haluat ilahduttaa yst\u00e4v\u00e4\u00e4si tai perheenj\u00e4sent\u00e4si niin osta minulta lahjakortti, mm. is\u00e4np\u00e4iv\u00e4n\u00e4, \u00e4itienp\u00e4iv\u00e4n\u00e4, jouluna ja merkkip\u00e4iv\u00e4n\u00e4.<\/p>\n<h3>Maksuv\u00e4lineet<strong>:<\/strong><\/h3>\n<p>pankkikortti, s-posti lasku ja mobilepay.<\/p>\n<\/div>\n<\/div><\/div><\/div><\/div><\/div><div id=\"pg-164-1\"  class=\"panel-grid panel-no-style\" ><div id=\"pgc-164-1-0\"  class=\"panel-grid-cell panel-grid-cell-empty\" ><\/div><\/div><\/div>","protected":false},"excerpt":{"rendered":"<p>Jalkojenhoito 1-1,5h &#8211; Jalkojen esitutkimus &#8211; Jalkakylpy &#8211; Kynsien ohennus, leikkaus ja siistiminen &#8211; Kovettumien ja k\u00e4nsien hoito &#8211; Jalkojen rasvaus ja kevyt hieronta &#8211; Ohjeistus omatoimiseen hoitoon 70\u20ac Kevennysorteesi &#8211; Valmistetaan silikonimassasta &#8211; Yksil\u00f6kohtainen, juuri sinulle tarkoitettu &#8211; Vasaravarpaiden oikaisemiseen- ja suojaamiseen &#8211; Korjaa vaivaisenluun asennon &#8211; Suojaa jalkap\u00f6yd\u00e4nluuta [&hellip;]<\/p>\n","protected":false},"author":1,"featured_media":0,"parent":0,"menu_order":0,"comment_status":"closed","ping_status":"closed","template":"","meta":{"extendify_custom_stylesheet":""},"_links":{"self":[{"href":"https:\/\/www.jalkahoitajahangelin.fi\/index.php\/wp-json\/wp\/v2\/pages\/164"}],"collection":[{"href":"https:\/\/www.jalkahoitajahangelin.fi\/index.php\/wp-json\/wp\/v2\/pages"}],"about":[{"href":"https:\/\/www.jalkahoitajahangelin.fi\/index.php\/wp-json\/wp\/v2\/types\/page"}],"author":[{"embeddable":true,"href":"https:\/\/www.jalkahoitajahangelin.fi\/index.php\/wp-json\/wp\/v2\/users\/1"}],"replies":[{"embeddable":true,"href":"https:\/\/www.jalkahoitajahangelin.fi\/index.php\/wp-json\/wp\/v2\/comments?post=164"}],"version-history":[{"count":31,"href":"https:\/\/www.jalkahoitajahangelin.fi\/index.php\/wp-json\/wp\/v2\/pages\/164\/revisions"}],"predecessor-version":[{"id":487,"href":"https:\/\/www.jalkahoitajahangelin.fi\/index.php\/wp-json\/wp\/v2\/pages\/164\/revisions\/487"}],"wp:attachment":[{"href":"https:\/\/www.jalkahoitajahangelin.fi\/index.php\/wp-json\/wp\/v2\/media?parent=164"}],"curies":[{"name":"wp","href":"https:\/\/api.w.org\/{rel}","templated":true}]}}