{"id":38,"date":"2021-05-27T13:55:09","date_gmt":"2021-05-27T13:55:09","guid":{"rendered":"https:\/\/www.jalkahoitajahangelin.fi\/?page_id=38"},"modified":"2024-02-06T12:17:10","modified_gmt":"2024-02-06T12:17:10","slug":"yhteystiedot","status":"publish","type":"page","link":"https:\/\/www.jalkahoitajahangelin.fi\/index.php\/yhteystiedot\/","title":{"rendered":"Yhteystiedot"},"content":{"rendered":"<div id=\"pl-38\"  class=\"panel-layout\" ><div id=\"pg-38-0\"  class=\"panel-grid panel-no-style\" ><div id=\"pgc-38-0-0\"  class=\"panel-grid-cell\" ><div id=\"panel-38-0-0-0\" class=\"so-panel widget widget_sow-editor panel-first-child panel-last-child\" data-index=\"0\" ><div class=\"so-widget-sow-editor so-widget-sow-editor-base\">\n<div class=\"siteorigin-widget-tinymce textwidget\">\n\t<p>Tuija Hangelin<\/p>\n<p>Puhelinnumero: 040 1971 142<\/p>\n<p>Osoite: Multavierunkatu 5 C, 20100 Turku, sis\u00e4\u00e4nk\u00e4ynti Ukkokodinpolun puolelta, Parkinkent\u00e4n kulmasta<\/p>\n<p>S\u00e4hk\u00f6posti: jalkahoitajahangelin@gmail.com<\/p>\n<p>https:\/\/varaa.timma.fi\/jalkahoitajahangelin<\/p>\n<p>Y-tunnus: 3194291-4<\/p>\n<\/div>\n<\/div><\/div><\/div><div id=\"pgc-38-0-1\"  class=\"panel-grid-cell\" ><div id=\"panel-38-0-1-0\" class=\"so-panel widget widget_sow-image panel-first-child panel-last-child\" data-index=\"1\" ><div class=\"so-widget-sow-image so-widget-sow-image-default-5565a1473c6e-38\">\n\n<div class=\"sow-image-container\">\n\t\t<img src=\"https:\/\/www.jalkahoitajahangelin.fi\/wp-content\/uploads\/2023\/04\/IMG_20230409_195630-1-244x300.jpg\" width=\"244\" height=\"300\" srcset=\"https:\/\/www.jalkahoitajahangelin.fi\/wp-content\/uploads\/2023\/04\/IMG_20230409_195630-1-244x300.jpg 244w, https:\/\/www.jalkahoitajahangelin.fi\/wp-content\/uploads\/2023\/04\/IMG_20230409_195630-1-833x1024.jpg 833w, https:\/\/www.jalkahoitajahangelin.fi\/wp-content\/uploads\/2023\/04\/IMG_20230409_195630-1-768x944.jpg 768w, https:\/\/www.jalkahoitajahangelin.fi\/wp-content\/uploads\/2023\/04\/IMG_20230409_195630-1.jpg 1070w\" sizes=\"(max-width: 244px) 100vw, 244px\" title=\"rptnboz\" alt=\"\" loading=\"lazy\" \t\tclass=\"so-widget-image\"\/>\n\t<\/div>\n\n<\/div><\/div><\/div><\/div><div id=\"pg-38-1\"  class=\"panel-grid panel-no-style\" ><div id=\"pgc-38-1-0\"  class=\"panel-grid-cell panel-grid-cell-mobile-last\" ><div id=\"panel-38-1-0-0\" class=\"so-panel widget widget_sow-image panel-first-child\" data-index=\"2\" ><div class=\"so-widget-sow-image so-widget-sow-image-default-3bd076d999e4-38\">\n\n<div class=\"sow-image-container\">\n\t\t\t<a\n\t\t\thref=\"https:\/\/www.google.fi\/maps\/place\/Multavierunkatu+5,+20100+Turku\/@60.4560624,22.2711675,17z\/data=!3m1!4b1!4m5!3m4!1s0x468c76f0c3df3a81:0xae5aba6b376eca94!8m2!3d60.4560624!4d22.2733562\"\n\t\t\ttarget=\"_blank\" rel=\"noopener noreferrer\" \t\t>\n\t\t\t<img src=\"https:\/\/www.jalkahoitajahangelin.fi\/wp-content\/uploads\/2021\/11\/kartta-768x1024.jpg\" width=\"750\" height=\"1000\" srcset=\"https:\/\/www.jalkahoitajahangelin.fi\/wp-content\/uploads\/2021\/11\/kartta-768x1024.jpg 768w, https:\/\/www.jalkahoitajahangelin.fi\/wp-content\/uploads\/2021\/11\/kartta-225x300.jpg 225w, https:\/\/www.jalkahoitajahangelin.fi\/wp-content\/uploads\/2021\/11\/kartta-1152x1536.jpg 1152w, https:\/\/www.jalkahoitajahangelin.fi\/wp-content\/uploads\/2021\/11\/kartta-1536x2048.jpg 1536w, https:\/\/www.jalkahoitajahangelin.fi\/wp-content\/uploads\/2021\/11\/kartta-scaled.jpg 1920w\" sizes=\"(max-width: 750px) 100vw, 750px\" title=\"kartta\" alt=\"\" loading=\"lazy\" \t\tclass=\"so-widget-image\"\/>\n\t<\/a><\/div>\n\n<\/div><\/div><div id=\"panel-38-1-0-1\" class=\"so-panel widget widget_sow-editor panel-last-child\" data-index=\"3\" ><div class=\"so-widget-sow-editor so-widget-sow-editor-base\">\n<div class=\"siteorigin-widget-tinymce textwidget\">\n\t<p>Klikkaa karttaa p\u00e4\u00e4st\u00e4ksesi Google Maps:iin<\/p>\n<\/div>\n<\/div><\/div><\/div><div id=\"pgc-38-1-1\"  class=\"panel-grid-cell panel-grid-cell-empty\" ><\/div><\/div><div id=\"pg-38-2\"  class=\"panel-grid panel-no-style\" ><div id=\"pgc-38-2-0\"  class=\"panel-grid-cell\" ><div id=\"panel-38-2-0-0\" class=\"so-panel widget widget_wpforms-widget wpforms-widget panel-first-child panel-last-child\" data-index=\"4\" ><div class=\"wpforms-container wpforms-container-full\" id=\"wpforms-88\"><form id=\"wpforms-form-88\" class=\"wpforms-validate wpforms-form\" data-formid=\"88\" method=\"post\" enctype=\"multipart\/form-data\" action=\"\/index.php\/wp-json\/wp\/v2\/pages\/38\" data-token=\"53528ccaf4f9d1f96a9dd878110f5e39\"><div class=\"wpforms-head-container\"><div class=\"wpforms-title\">Yhteydenottolomake<\/div><\/div><noscript class=\"wpforms-error-noscript\">Please enable JavaScript in your browser to complete this form.<\/noscript><div class=\"wpforms-field-container\"><div id=\"wpforms-88-field_1-container\" class=\"wpforms-field wpforms-field-name\" data-field-id=\"1\"><label class=\"wpforms-field-label\" for=\"wpforms-88-field_1\">Nimi <span class=\"wpforms-required-label\">*<\/span><\/label><input type=\"text\" id=\"wpforms-88-field_1\" class=\"wpforms-field-medium wpforms-field-required\" name=\"wpforms[fields][1]\" required><\/div><div id=\"wpforms-88-field_2-container\" class=\"wpforms-field wpforms-field-number\" data-field-id=\"2\"><label class=\"wpforms-field-label\" for=\"wpforms-88-field_2\">Puhelinnumero <span class=\"wpforms-required-label\">*<\/span><\/label><input type=\"number\" pattern=\"\\d*\" id=\"wpforms-88-field_2\" class=\"wpforms-field-medium wpforms-field-required\" name=\"wpforms[fields][2]\" required><\/div><div id=\"wpforms-88-field_3-container\" class=\"wpforms-field wpforms-field-email\" data-field-id=\"3\"><label class=\"wpforms-field-label\" for=\"wpforms-88-field_3\">S\u00e4hk\u00f6posti (valinnainen)<\/label><input type=\"email\" id=\"wpforms-88-field_3\" class=\"wpforms-field-medium\" name=\"wpforms[fields][3]\" ><\/div><div id=\"wpforms-88-field_6-container\" class=\"wpforms-field wpforms-field-radio\" data-field-id=\"6\"><label class=\"wpforms-field-label\" for=\"wpforms-88-field_6\">Valitse yhteydenoton syy<\/label><ul id=\"wpforms-88-field_6\"><li class=\"choice-1 depth-1\"><input type=\"radio\" id=\"wpforms-88-field_6_1\" name=\"wpforms[fields][6]\" value=\"Yhteydenotto\"  ><label class=\"wpforms-field-label-inline\" for=\"wpforms-88-field_6_1\">Yhteydenotto<\/label><\/li><li class=\"choice-2 depth-1\"><input type=\"radio\" id=\"wpforms-88-field_6_2\" name=\"wpforms[fields][6]\" value=\"Ajanvaraus\"  ><label class=\"wpforms-field-label-inline\" for=\"wpforms-88-field_6_2\">Ajanvaraus<\/label><\/li><\/ul><\/div><div id=\"wpforms-88-field_7-container\" class=\"wpforms-field wpforms-field-textarea\" data-field-id=\"7\"><label class=\"wpforms-field-label\" for=\"wpforms-88-field_7\">Viestisi tai toivomasi hoitoajankohta <span class=\"wpforms-required-label\">*<\/span><\/label><textarea id=\"wpforms-88-field_7\" class=\"wpforms-field-medium wpforms-field-required\" name=\"wpforms[fields][7]\" required><\/textarea><div class=\"wpforms-field-description\">Vapamuotoinen viestisi tai haluamasi palvelu ja ajankohtatoive<\/div><\/div><div id=\"wpforms-88-field_8-container\" class=\"wpforms-field wpforms-field-checkbox\" data-field-id=\"8\"><label class=\"wpforms-field-label\" for=\"wpforms-88-field_8\">Miten haluat vastauksen?<\/label><ul id=\"wpforms-88-field_8\"><li class=\"choice-1 depth-1\"><input type=\"checkbox\" id=\"wpforms-88-field_8_1\" name=\"wpforms[fields][8][]\" value=\"Puhelimitse\"  ><label class=\"wpforms-field-label-inline\" for=\"wpforms-88-field_8_1\">Puhelimitse<\/label><\/li><li class=\"choice-2 depth-1\"><input type=\"checkbox\" id=\"wpforms-88-field_8_2\" name=\"wpforms[fields][8][]\" value=\"Tekstiviestill\u00e4\"  ><label class=\"wpforms-field-label-inline\" for=\"wpforms-88-field_8_2\">Tekstiviestill\u00e4<\/label><\/li><li class=\"choice-3 depth-1\"><input type=\"checkbox\" id=\"wpforms-88-field_8_3\" name=\"wpforms[fields][8][]\" value=\"S\u00e4hk\u00f6postitse\"  ><label class=\"wpforms-field-label-inline\" for=\"wpforms-88-field_8_3\">S\u00e4hk\u00f6postitse<\/label><\/li><\/ul><\/div><div id=\"wpforms-88-field_9-container\" class=\"wpforms-field wpforms-field-checkbox\" data-field-id=\"9\"><label class=\"wpforms-field-label\" for=\"wpforms-88-field_9\">Mist\u00e4 sait tiet\u00e4\u00e4 kotisivuistani?<\/label><ul id=\"wpforms-88-field_9\"><li class=\"choice-1 depth-1\"><input type=\"checkbox\" id=\"wpforms-88-field_9_1\" name=\"wpforms[fields][9][]\" value=\"Yst\u00e4v\u00e4lt\u00e4\"  ><label class=\"wpforms-field-label-inline\" for=\"wpforms-88-field_9_1\">Yst\u00e4v\u00e4lt\u00e4<\/label><\/li><li class=\"choice-2 depth-1\"><input type=\"checkbox\" id=\"wpforms-88-field_9_2\" name=\"wpforms[fields][9][]\" value=\"Googlesta\"  ><label class=\"wpforms-field-label-inline\" for=\"wpforms-88-field_9_2\">Googlesta<\/label><\/li><li class=\"choice-3 depth-1\"><input type=\"checkbox\" id=\"wpforms-88-field_9_3\" name=\"wpforms[fields][9][]\" value=\"Facebookista\"  ><label class=\"wpforms-field-label-inline\" for=\"wpforms-88-field_9_3\">Facebookista<\/label><\/li><li class=\"choice-5 depth-1\"><input type=\"checkbox\" id=\"wpforms-88-field_9_5\" name=\"wpforms[fields][9][]\" value=\"Muu kanava\"  ><label class=\"wpforms-field-label-inline\" for=\"wpforms-88-field_9_5\">Muu kanava<\/label><\/li><\/ul><div class=\"wpforms-field-description\">Vastaathan, jotta pystyn paremmin kohdentamaan liiketoimintaani.<\/div><\/div><\/div><div class=\"wpforms-submit-container\" ><input type=\"hidden\" name=\"wpforms[id]\" value=\"88\"><input type=\"hidden\" name=\"wpforms[author]\" value=\"1\"><button type=\"submit\" name=\"wpforms[submit]\" class=\"wpforms-submit \" id=\"wpforms-submit-88\" value=\"wpforms-submit\" aria-live=\"assertive\" data-alt-text=\"L\u00e4hett\u00e4\u00e4...\" data-submit-text=\"L\u00e4het\u00e4\">L\u00e4het\u00e4<\/button><\/div><\/form><\/div>  <!-- .wpforms-container --><\/div><\/div><\/div><div id=\"pg-38-3\"  class=\"panel-grid panel-no-style\" ><div id=\"pgc-38-3-0\"  class=\"panel-grid-cell\" ><div id=\"panel-38-3-0-0\" class=\"so-panel widget widget_sow-editor panel-first-child panel-last-child\" data-index=\"5\" ><div class=\"so-widget-sow-editor so-widget-sow-editor-base\">\n<div class=\"siteorigin-widget-tinymce textwidget\">\n\t<p><a href=\"https:\/\/www.jalkahoitajahangelin.fi\/index.php\/tietosuojaseloste\/\">Tietosuojaseloste<\/a><\/p>\n<\/div>\n<\/div><\/div><\/div><\/div><\/div>","protected":false},"excerpt":{"rendered":"<p>Tuija Hangelin Puhelinnumero: 040 1971 142 Osoite: Multavierunkatu 5 C, 20100 Turku, sis\u00e4\u00e4nk\u00e4ynti Ukkokodinpolun puolelta, Parkinkent\u00e4n kulmasta S\u00e4hk\u00f6posti: jalkahoitajahangelin@gmail.com https:\/\/varaa.timma.fi\/jalkahoitajahangelin Y-tunnus: 3194291-4 Klikkaa karttaa p\u00e4\u00e4st\u00e4ksesi Google Maps:iin<\/p>\n","protected":false},"author":1,"featured_media":0,"parent":0,"menu_order":0,"comment_status":"closed","ping_status":"closed","template":"","meta":{"extendify_custom_stylesheet":""},"_links":{"self":[{"href":"https:\/\/www.jalkahoitajahangelin.fi\/index.php\/wp-json\/wp\/v2\/pages\/38"}],"collection":[{"href":"https:\/\/www.jalkahoitajahangelin.fi\/index.php\/wp-json\/wp\/v2\/pages"}],"about":[{"href":"https:\/\/www.jalkahoitajahangelin.fi\/index.php\/wp-json\/wp\/v2\/types\/page"}],"author":[{"embeddable":true,"href":"https:\/\/www.jalkahoitajahangelin.fi\/index.php\/wp-json\/wp\/v2\/users\/1"}],"replies":[{"embeddable":true,"href":"https:\/\/www.jalkahoitajahangelin.fi\/index.php\/wp-json\/wp\/v2\/comments?post=38"}],"version-history":[{"count":43,"href":"https:\/\/www.jalkahoitajahangelin.fi\/index.php\/wp-json\/wp\/v2\/pages\/38\/revisions"}],"predecessor-version":[{"id":473,"href":"https:\/\/www.jalkahoitajahangelin.fi\/index.php\/wp-json\/wp\/v2\/pages\/38\/revisions\/473"}],"wp:attachment":[{"href":"https:\/\/www.jalkahoitajahangelin.fi\/index.php\/wp-json\/wp\/v2\/media?parent=38"}],"curies":[{"name":"wp","href":"https:\/\/api.w.org\/{rel}","templated":true}]}}